{"id":4268,"date":"2019-08-26T11:13:00","date_gmt":"2019-08-26T09:13:00","guid":{"rendered":"http:\/\/www.3zwanzig.de\/abenteuerfabrik\/?page_id=4268"},"modified":"2019-08-27T17:24:46","modified_gmt":"2019-08-27T15:24:46","slug":"pr","status":"publish","type":"page","link":"https:\/\/www.3zwanzig.de\/abenteuerfabrik\/pr\/","title":{"rendered":"PR"},"content":{"rendered":"<div class=\"wpb-content-wrapper\"><p>[vc_row][vc_column][lab_heading title=&#8220;PR &amp; Kommunikation&#8220;][\/lab_heading][vc_single_image image=&#8220;4269&#8243; img_size=&#8220;full&#8220; style=&#8220;vc_box_rounded&#8220; css_animation=&#8220;fadeIn&#8220;][\/vc_column][\/vc_row][vc_row][vc_column][\/vc_column][\/vc_row][vc_row equal_height=&#8220;yes&#8220;][vc_column width=&#8220;1\/2&#8243;][lab_heading title_tag=&#8220;H3&#8243; title=&#8220;German Gr\u00fcndlichkeit&#8220;][\/lab_heading][vc_column_text]Sport begeistert und vereint.<br \/>\nKunst verbindet. Musik verst\u00e4rkt Emotionen.<br \/>\nOb Sportevent oder kulturelles Highlight, der Weg zum Ziel ist gleich:[\/vc_column_text][\/vc_column][vc_column width=&#8220;1\/2&#8243;][lab_heading title_tag=&#8220;H3&#8243; title=&#8220;Arbeiten&#8230;&#8220;][\/lab_heading][vc_column_text]Wo Leidenschaft zum Erfolg f\u00fchrt.<br \/>\nWo Emotionen erzeugt und Menschen ber\u00fchrt werden.<br \/>\nWo Teamgeist zu einem spannenden und fairen Wettkampf f\u00fchrt.[\/vc_column_text][\/vc_column][\/vc_row][vc_row equal_height=&#8220;yes&#8220;][vc_column width=&#8220;1\/2&#8243;][vc_column_text]<\/p>\n<ul style=\"list-style-type: square;\">\n<li>Planung und Vorbereitung<\/li>\n<li>Fokussierung auf das Ziel<\/li>\n<li>Bestleistung auf den Punkt<\/li>\n<\/ul>\n<p>[\/vc_column_text][\/vc_column][vc_column width=&#8220;1\/2&#8243;][vc_column_text]<\/p>\n<ul style=\"list-style-type: square;\">\n<li>Kommunikation im Sport (Fu\u00dfball, SFV, DFB)<\/li>\n<li>K\u00fcnstlermanagement (PR, Markenbildung, Tourneemanagement)<\/li>\n<li>Projektmanagement (Text &amp; Brain)<\/li>\n<li>Media Operations (FIFA, UEFA)<\/li>\n<li>Kommunikationsberatung (individuell &amp; institutionell)<\/li>\n<\/ul>\n<p>[\/vc_column_text][\/vc_column][\/vc_row][vc_row][vc_column width=&#8220;1\/2&#8243;][vc_single_image image=&#8220;4272&#8243; img_size=&#8220;full&#8220; style=&#8220;vc_box_rounded&#8220; css_animation=&#8220;none&#8220;][\/vc_column][vc_column width=&#8220;1\/2&#8243;][vc_single_image image=&#8220;4271&#8243; img_size=&#8220;full&#8220; style=&#8220;vc_box_rounded&#8220; css_animation=&#8220;none&#8220;][\/vc_column][\/vc_row][vc_row][vc_column][\/vc_column][\/vc_row][vc_row][vc_column][vc_btn title=&#8220;Lernen Sie das Team der Abenteuerfabrik kennen.&#8220; style=&#8220;flat&#8220; color=&#8220;primary&#8220; align=&#8220;center&#8220; link=&#8220;url:http%3A%2F%2Fwww.3zwanzig.de%2Fabenteuerfabrik%2Fteam%2F|title:Team||&#8220;][\/vc_column][\/vc_row]<\/p>\n<\/div>","protected":false},"excerpt":{"rendered":"<p>[vc_row][vc_column][lab_heading title=&#8220;PR &amp; Kommunikation&#8220;][\/lab_heading][vc_single_image image=&#8220;4269&#8243; img_size=&#8220;full&#8220; style=&#8220;vc_box_rounded&#8220; css_animation=&#8220;fadeIn&#8220;][\/vc_column][\/vc_row][vc_row][vc_column][\/vc_column][\/vc_row][vc_row equal_height=&#8220;yes&#8220;][vc_column width=&#8220;1\/2&#8243;][lab_heading title_tag=&#8220;H3&#8243; title=&#8220;German Gr\u00fcndlichkeit&#8220;][\/lab_heading][vc_column_text]Sport begeistert und vereint. Kunst verbindet. Musik verst\u00e4rkt Emotionen. Ob Sportevent oder kulturelles Highlight, der Weg zum Ziel ist gleich:[\/vc_column_text][\/vc_column][vc_column width=&#8220;1\/2&#8243;][lab_heading title_tag=&#8220;H3&#8243; title=&#8220;Arbeiten&#8230;&#8220;][\/lab_heading][vc_column_text]Wo Leidenschaft zum Erfolg f\u00fchrt. Wo Emotionen erzeugt und Menschen ber\u00fchrt werden. Wo Teamgeist zu einem spannenden und fairen Wettkampf f\u00fchrt.[\/vc_column_text][\/vc_column][\/vc_row][vc_row&hellip;<\/p>\n","protected":false},"author":1,"featured_media":0,"parent":0,"menu_order":0,"comment_status":"closed","ping_status":"closed","template":"","meta":{"footnotes":""},"class_list":["post-4268","page","type-page","status-publish","hentry"],"_links":{"self":[{"href":"https:\/\/www.3zwanzig.de\/abenteuerfabrik\/wp-json\/wp\/v2\/pages\/4268","targetHints":{"allow":["GET"]}}],"collection":[{"href":"https:\/\/www.3zwanzig.de\/abenteuerfabrik\/wp-json\/wp\/v2\/pages"}],"about":[{"href":"https:\/\/www.3zwanzig.de\/abenteuerfabrik\/wp-json\/wp\/v2\/types\/page"}],"author":[{"embeddable":true,"href":"https:\/\/www.3zwanzig.de\/abenteuerfabrik\/wp-json\/wp\/v2\/users\/1"}],"replies":[{"embeddable":true,"href":"https:\/\/www.3zwanzig.de\/abenteuerfabrik\/wp-json\/wp\/v2\/comments?post=4268"}],"version-history":[{"count":7,"href":"https:\/\/www.3zwanzig.de\/abenteuerfabrik\/wp-json\/wp\/v2\/pages\/4268\/revisions"}],"predecessor-version":[{"id":4376,"href":"https:\/\/www.3zwanzig.de\/abenteuerfabrik\/wp-json\/wp\/v2\/pages\/4268\/revisions\/4376"}],"wp:attachment":[{"href":"https:\/\/www.3zwanzig.de\/abenteuerfabrik\/wp-json\/wp\/v2\/media?parent=4268"}],"curies":[{"name":"wp","href":"https:\/\/api.w.org\/{rel}","templated":true}]}}