{"id":3982,"date":"2019-08-17T22:03:52","date_gmt":"2019-08-17T20:03:52","guid":{"rendered":"http:\/\/www.3zwanzig.de\/abenteuerfabrik\/?page_id=3982"},"modified":"2022-04-04T12:21:48","modified_gmt":"2022-04-04T10:21:48","slug":"about","status":"publish","type":"page","link":"https:\/\/www.3zwanzig.de\/abenteuerfabrik\/about\/","title":{"rendered":"\u00dcber uns"},"content":{"rendered":"<div class=\"wpb-content-wrapper\"><p>[vc_row][vc_column width=&#8220;1\/2&#8243;][vc_custom_heading text=&#8220;Die Abenteuerfabrik&#8220; font_container=&#8220;tag:h1|text_align:left&#8220; use_theme_fonts=&#8220;yes&#8220; css_animation=&#8220;none&#8220;][vc_column_text]<\/p>\n<p style=\"text-align: justify\"><span style=\"font-size: 12pt\">Die Abenteuerfabrik ist eine Kreativagentur. Gleichzeitig ist die Abenteuerfabrik eine Dachmarke, unter der wir ein Musiklabel, ein Kinderprogramm sowie unseren PR- und Kommunikationsbereich f\u00fchren. Hier\u00a0werden alle Felder beschrieben, auf denen wir gerne mitspielen.<\/span><\/p>\n<p>[\/vc_column_text][\/vc_column][vc_column width=&#8220;1\/2&#8243;][vc_row_inner][vc_column_inner][\/vc_column_inner][\/vc_row_inner][vc_single_image image=&#8220;4095&#8243; img_size=&#8220;medium&#8220; style=&#8220;vc_box_rounded&#8220; css_animation=&#8220;fadeIn&#8220;][\/vc_column][\/vc_row][vc_row][vc_column][vc_row_inner][vc_column_inner width=&#8220;1\/2&#8243;][vc_custom_heading text=&#8220;Agentur&#8220; use_theme_fonts=&#8220;yes&#8220; css_animation=&#8220;none&#8220;][vc_column_text]<span style=\"font-size: 12pt\">Wir sind eine Kreativschmiede f\u00fcr Text und Musik.<\/span><\/p>\n<p><span style=\"font-size: 12pt\">Wir erfinden Neues oder schreiben Vorgegebenes um. Wir formulieren Konzepte und geben unsere Ideen mit in Ihre Projekte hinein.<\/span>[\/vc_column_text][\/vc_column_inner][vc_column_inner width=&#8220;1\/2&#8243;][vc_custom_heading text=&#8220;Kreativit\u00e4t auf Knopfdruck&#8220; use_theme_fonts=&#8220;yes&#8220; css_animation=&#8220;lightSpeedIn&#8220;][vc_column_text]<span style=\"font-size: 12pt\">Wir schreiben Lieder und machen Sprachaufnahmen.<\/span><\/p>\n<p><span style=\"font-size: 12pt\">Wir entwickeln Figuren und Charaktere. Mit unseren Grafik- und Video-Partnern realisieren wir auf Wunsch auch die visuelle Umsetzung.<\/span>[\/vc_column_text][\/vc_column_inner][\/vc_row_inner][\/vc_column][\/vc_row][vc_row][vc_column][vc_row_inner css=&#8220;.vc_custom_1566080067053{background-color: #f9f9f9 !important;}&#8220;][vc_column_inner][\/vc_column_inner][vc_column_inner width=&#8220;1\/3&#8243;][vc_single_image image=&#8220;4039&#8243; img_size=&#8220;full&#8220; style=&#8220;vc_box_circle&#8220; css_animation=&#8220;fadeIn&#8220;][\/vc_column_inner][vc_column_inner width=&#8220;1\/3&#8243;][vc_single_image image=&#8220;4038&#8243; img_size=&#8220;full&#8220; style=&#8220;vc_box_circle&#8220; css_animation=&#8220;fadeIn&#8220;][\/vc_column_inner][vc_column_inner width=&#8220;1\/3&#8243;][vc_single_image image=&#8220;4040&#8243; img_size=&#8220;full&#8220; style=&#8220;vc_box_circle&#8220; css_animation=&#8220;fadeIn&#8220;][\/vc_column_inner][\/vc_row_inner][vc_row_inner][vc_column_inner][\/vc_column_inner][\/vc_row_inner][\/vc_column][\/vc_row][vc_row full_width=&#8220;stretch_row&#8220;][vc_column width=&#8220;1\/3&#8243;][vc_custom_heading text=&#8220;Musiklabel&#8220; use_theme_fonts=&#8220;yes&#8220;][vc_column_text css=&#8220;.vc_custom_1566826117931{margin-bottom: 15px !important;}&#8220;]<\/p>\n<p style=\"text-align: left\">Die Abenteuerfabrik f\u00fchrt das Musiklabel &#8222;RudyWouldLikeIt&#8220;, mit Sitz im Leipziger Umland.<\/p>\n<p style=\"text-align: left\">In diesen Bereich fallen Audio- &amp; CD- Produktionen sowie K\u00fcnstlervermarktung.<\/p>\n<p style=\"text-align: left\">Zudem bieten wir Rat und Hilfe bei allen Themen rund um die GEMA, GVL, KSK oder das Musikverlagsrecht.<\/p>\n<p style=\"text-align: left\">Im Onlineshop werden alle CD-Produktionen aus unserem Haus angeboten.<\/p>\n<p>[\/vc_column_text][\/vc_column][vc_column width=&#8220;1\/3&#8243;][vc_custom_heading text=&#8220;Kinderprogramm&#8220; use_theme_fonts=&#8220;yes&#8220;][vc_column_text css=&#8220;.vc_custom_1566826205883{margin-bottom: 15px !important;}&#8220;]Die Abenteuerfabrik verantwortet das Management und die k\u00fcnstlerische Leitung f\u00fcr das beliebte Kinderprogramm &#8222;Abenteuer mit KESS&#8220;.<\/p>\n<p>KESS und ihr Team bereichern seit \u00fcber zehn Jahren deutschlandweit Veranstaltungen f\u00fcr Kinder und die ganze Familie mit Kindermusicals und Mitmach-Konzerten.<\/p>\n<p>Coole neue Kindermusik sowie kluge, lustige und interaktive Kinderprogramme, die allen Kindern von 3 bis 99 Jahren viel Spa\u00df und Freude bereiten.[\/vc_column_text][\/vc_column][vc_column width=&#8220;1\/3&#8243;][vc_custom_heading text=&#8220;PR &amp; Kommunikation&#8220; use_theme_fonts=&#8220;yes&#8220;][vc_column_text css=&#8220;.vc_custom_1566334767400{margin-bottom: 15px !important;}&#8220;]Wir verf\u00fcgen nicht nur \u00fcber langj\u00e4hrige Erfahrung im Kulturbereich, sondern auch \u00fcber Kommunikations- und Medienerfahrung in vielen Bereichen\u00a0auf nationaler und internationaler Ebene, z.B. bei sportlichen Gro\u00dfveranstaltungen wie Fu\u00dfballweltmeisterschaften.<\/p>\n<p>Pressekonferenzen, Druck auf dem Kessel sowie der Umgang mit Medien sind uns vertraut.[\/vc_column_text][\/vc_column][\/vc_row][vc_row full_width=&#8220;stretch_row&#8220;][vc_column width=&#8220;1\/3&#8243;][vc_single_image image=&#8220;4034&#8243; img_size=&#8220;full&#8220; onclick=&#8220;custom_link&#8220; img_link_target=&#8220;_blank&#8220; link=&#8220;http:\/\/www.rudywouldlikeit.com&#8220;][\/vc_column][vc_column width=&#8220;1\/3&#8243;][vc_single_image image=&#8220;4033&#8243; img_size=&#8220;full&#8220; onclick=&#8220;custom_link&#8220; img_link_target=&#8220;_blank&#8220; link=&#8220;http:\/\/www.kess-kinderprogramm.de&#8220;][\/vc_column][vc_column width=&#8220;1\/3&#8243;][vc_single_image image=&#8220;4035&#8243; img_size=&#8220;full&#8220; onclick=&#8220;custom_link&#8220; img_link_target=&#8220;_blank&#8220; link=&#8220;http:\/\/www.3zwanzig.de&#8220;][\/vc_column][\/vc_row][vc_row][vc_column width=&#8220;1\/2&#8243;][lab_heading title=&#8220;ZUGABE: Veranstaltungen&#8220;][\/lab_heading][vc_column_text]<strong>Auch bei Live-Events geben wir gerne eine kreativen Input.<\/strong><\/p>\n<p>Dies kann sehr vielf\u00e4ltig sein, von der Vermittlung einzelner B\u00fchnen-Acts bis hin zur kompletten Programmgestaltung. Bei Bedarf \u00fcbernehmen wir auch den &#8222;Peitschenschwinger-Job&#8220; und gew\u00e4hrleisten den reibungslosen Ablauf der Veranstaltung.<\/p>\n<p>Tontechnik f\u00fcr kleinere Veranstaltungen vermieten wir gerne. Auch gr\u00f6\u00dfere Events bekommen wir mit Technik- und Logistik-Partnern gewuppt.<\/p>\n<p>F\u00fcrs B\u00fchnenprogramm empfehlen wir gerne K\u00fcnstler und Bands unseres Vertrauens:<\/p>\n<ul style=\"list-style-type: square\">\n<li>Moderatoren<\/li>\n<li>K\u00fcnstler &amp; Bands<\/li>\n<li>Kinderprogramme<\/li>\n<li>Zauberer<\/li>\n<li>und sogar einen Zuckerwattek\u00fcnstler<\/li>\n<\/ul>\n<p>[\/vc_column_text][\/vc_column][vc_column width=&#8220;1\/2&#8243;][lab_heading title=&#8220;Die ganze Welt ist B\u00fchne &#8230;&#8220;][\/lab_heading][vc_single_image image=&#8220;4037&#8243; img_size=&#8220;large&#8220; style=&#8220;vc_box_rounded&#8220; css_animation=&#8220;fadeInUp&#8220;][\/vc_column][\/vc_row][vc_row][vc_column][vc_row_inner css=&#8220;.vc_custom_1566080067053{background-color: #f9f9f9 !important;}&#8220;][vc_column_inner width=&#8220;1\/2&#8243;][lab_heading title=&#8220;Ein St\u00fcck zusammen gehen?&#8220;][\/lab_heading][vc_column_text]Wir lieben einzigartige Projekte und t\u00fcfteln auch gerne an originellen L\u00f6sungen bei haarigen Fragestellungen. Wir arbeiten gerne, gerne im Team, gerne effektiv und vor allem zielf\u00fchrend.<\/p>\n<p>Und dann haben wir auch gerne mal frei ;-)[\/vc_column_text][\/vc_column_inner][vc_column_inner width=&#8220;1\/2&#8243;][\/vc_column_inner][\/vc_row_inner][vc_row_inner][vc_column_inner width=&#8220;1\/3&#8243;][\/vc_column_inner][vc_column_inner width=&#8220;1\/3&#8243;][vc_btn title=&#8220;Das Team&#8220; color=&#8220;danger&#8220; size=&#8220;lg&#8220; align=&#8220;center&#8220; css_animation=&#8220;bottom-to-top&#8220; link=&#8220;url:https%3A%2F%2Fwww.abenteuerfabrik.de%2Fteam%2F|title:Team||&#8220;][vc_btn title=&#8220;Musik aus der Abenteuerfabrik&#8220; style=&#8220;flat&#8220; color=&#8220;pink&#8220; size=&#8220;lg&#8220; align=&#8220;center&#8220; css_animation=&#8220;bottom-to-top&#8220; link=&#8220;url:http%3A%2F%2Fwww.3zwanzig.de%2Fabenteuerfabrik%2Fmusik%2F|title:Team||&#8220;][\/vc_column_inner][vc_column_inner width=&#8220;1\/3&#8243;][\/vc_column_inner][\/vc_row_inner][\/vc_column][\/vc_row]<\/p>\n<\/div>","protected":false},"excerpt":{"rendered":"<p>[vc_row][vc_column width=&#8220;1\/2&#8243;][vc_custom_heading text=&#8220;Die Abenteuerfabrik&#8220; font_container=&#8220;tag:h1|text_align:left&#8220; use_theme_fonts=&#8220;yes&#8220; css_animation=&#8220;none&#8220;][vc_column_text] Die Abenteuerfabrik ist eine Kreativagentur. Gleichzeitig ist die Abenteuerfabrik eine Dachmarke, unter der wir ein Musiklabel, ein Kinderprogramm sowie unseren PR- und Kommunikationsbereich f\u00fchren. Hier\u00a0werden alle Felder beschrieben, auf denen wir gerne mitspielen. [\/vc_column_text][\/vc_column][vc_column width=&#8220;1\/2&#8243;][vc_row_inner][vc_column_inner][\/vc_column_inner][\/vc_row_inner][vc_single_image image=&#8220;4095&#8243; img_size=&#8220;medium&#8220; style=&#8220;vc_box_rounded&#8220; css_animation=&#8220;fadeIn&#8220;][\/vc_column][\/vc_row][vc_row][vc_column][vc_row_inner][vc_column_inner width=&#8220;1\/2&#8243;][vc_custom_heading text=&#8220;Agentur&#8220; use_theme_fonts=&#8220;yes&#8220; css_animation=&#8220;none&#8220;][vc_column_text]Wir sind eine Kreativschmiede f\u00fcr Text&hellip;<\/p>\n","protected":false},"author":1,"featured_media":0,"parent":0,"menu_order":0,"comment_status":"closed","ping_status":"closed","template":"","meta":{"footnotes":""},"class_list":["post-3982","page","type-page","status-publish","hentry"],"_links":{"self":[{"href":"https:\/\/www.3zwanzig.de\/abenteuerfabrik\/wp-json\/wp\/v2\/pages\/3982","targetHints":{"allow":["GET"]}}],"collection":[{"href":"https:\/\/www.3zwanzig.de\/abenteuerfabrik\/wp-json\/wp\/v2\/pages"}],"about":[{"href":"https:\/\/www.3zwanzig.de\/abenteuerfabrik\/wp-json\/wp\/v2\/types\/page"}],"author":[{"embeddable":true,"href":"https:\/\/www.3zwanzig.de\/abenteuerfabrik\/wp-json\/wp\/v2\/users\/1"}],"replies":[{"embeddable":true,"href":"https:\/\/www.3zwanzig.de\/abenteuerfabrik\/wp-json\/wp\/v2\/comments?post=3982"}],"version-history":[{"count":10,"href":"https:\/\/www.3zwanzig.de\/abenteuerfabrik\/wp-json\/wp\/v2\/pages\/3982\/revisions"}],"predecessor-version":[{"id":4509,"href":"https:\/\/www.3zwanzig.de\/abenteuerfabrik\/wp-json\/wp\/v2\/pages\/3982\/revisions\/4509"}],"wp:attachment":[{"href":"https:\/\/www.3zwanzig.de\/abenteuerfabrik\/wp-json\/wp\/v2\/media?parent=3982"}],"curies":[{"name":"wp","href":"https:\/\/api.w.org\/{rel}","templated":true}]}}