{"id":3842,"date":"2019-08-16T16:04:47","date_gmt":"2019-08-16T14:04:47","guid":{"rendered":"http:\/\/www.3zwanzig.de\/abenteuerfabrik\/?page_id=3842"},"modified":"2019-08-27T17:07:59","modified_gmt":"2019-08-27T15:07:59","slug":"faq-kreativagentur","status":"publish","type":"page","link":"https:\/\/www.3zwanzig.de\/abenteuerfabrik\/faq-kreativagentur\/","title":{"rendered":"FAQ Kreativagentur"},"content":{"rendered":"<div class=\"wpb-content-wrapper\"><p>[vc_row][vc_column width=&#8220;1\/2&#8243;][lab_heading title=&#8220;Kreativit\u00e4t ist &#8230;&#8220; css=&#8220;.vc_custom_1566038091103{padding-bottom: 10px !important;}&#8220;]Einfallsreichtum, Sch\u00f6pferkraft, Begabung, Originalit\u00e4t, Fantasie, Inspiration, Improvisation, Erfindungsgabe, Intellekt[\/lab_heading][lab_heading title=&#8220;einfach machen&#8220; css=&#8220;.vc_custom_1566038133002{border-top-width: 5px !important;}&#8220;][\/lab_heading][\/vc_column][vc_column width=&#8220;1\/2&#8243;][vc_single_image image=&#8220;3628&#8243; img_size=&#8220;medium&#8220;][\/vc_column][\/vc_row][vc_row full_width=&#8220;stretch_row&#8220; gap=&#8220;30&#8243; equal_height=&#8220;yes&#8220; content_placement=&#8220;top&#8220; css=&#8220;.vc_custom_1566035820427{padding-top: 40px !important;padding-bottom: 40px !important;background-color: #ededed !important;}&#8220;][vc_column width=&#8220;1\/2&#8243; css=&#8220;.vc_custom_1566035794683{border-top-width: 7px !important;border-right-width: 7px !important;border-bottom-width: 7px !important;border-left-width: 7px !important;padding-top: 50px !important;padding-right: 50px !important;padding-bottom: 30px !important;padding-left: 50px !important;background-color: #ffbfbf !important;border-left-color: #30a6d1 !important;border-right-color: #30a6d1 !important;border-top-color: #30a6d1 !important;border-bottom-color: #30a6d1 !important;}&#8220;][vc_custom_heading text=&#8220;Wer braucht eine Kreativagentur?&#8220; font_container=&#8220;tag:h2|font_size:30|text_align:left|color:%233a3a3a&#8220; google_fonts=&#8220;font_family:Voltaire%3Aregular|font_style:400%20regular%3A400%3Anormal&#8220;][vc_column_text 0=&#8220;&#8220;]<strong>Alle!<\/strong> &#8230; die gehaltvolle Botschaften in die Welt schicken und mit treffenden Texten auffallen m\u00f6chten.<\/p>\n<p><strong>Kreativagenturen ersp\u00fcren den Zeitgeist<\/strong> oder fangen ihn f\u00fcr ihre Projekte ein. Bauch \u00fcber Kopf sozusagen, allerdings ohne den Verstand dabei auszuschalten.<\/p>\n<p><strong>Wir arbeiten f\u00fcr:<\/strong><br \/>\nEinzelpersonen, Unternehmen, Agenturen, K\u00fcnstlergruppen, Verb\u00e4nde.[\/vc_column_text][\/vc_column][vc_column width=&#8220;1\/2&#8243; css=&#8220;.vc_custom_1566035812437{border-top-width: 7px !important;border-right-width: 7px !important;border-bottom-width: 7px !important;border-left-width: 7px !important;padding-top: 50px !important;padding-right: 50px !important;padding-bottom: 30px !important;padding-left: 50px !important;background-color: #ffe1bf !important;border-left-color: #30a6d1 !important;border-right-color: #30a6d1 !important;border-top-color: #30a6d1 !important;border-bottom-color: #30a6d1 !important;}&#8220;][vc_custom_heading text=&#8220;Was macht eine Kreativagentur?&#8220; font_container=&#8220;tag:h2|font_size:30|text_align:left|color:%233a3a3a&#8220; google_fonts=&#8220;font_family:Voltaire%3Aregular|font_style:400%20regular%3A400%3Anormal&#8220;][vc_column_text 0=&#8220;&#8220;]<strong>Sie<\/strong><\/p>\n<ul style=\"list-style-type: square;\">\n<li>gibt die W\u00fcrze ins Projekt<\/li>\n<li>streut Puderzucker drauf<\/li>\n<li>hat den Blick von au\u00dfen<\/li>\n<li>bringt neue Impulse und frische Ideen<\/li>\n<li>transportiert Informationen \u00fcber Emotionen<\/li>\n<li>ist kreativ auf Bestellung im vorgegebenen Zeitfenster<\/li>\n<li>versteht den Kundenwunsch und setzt ihn k\u00fcnstlerisch um<\/li>\n<\/ul>\n<p><strong>Kreativagenturen verantworten spezielle Projekt-Parts<\/strong>\u00a0oder \u00fcbernehmen auf Kundenwunsch die gesamte Projektplanung und Leitung. Alles kann, nichts muss.<\/p>\n<p>Im Laufe des Kreativprozesses erhalten die umzusetzenden Botschaften Ausdruck in Wort, Schrift, Ton, Grafik, Video oder in der Live-Umsetzung (Figuren\/Maskottchen).[\/vc_column_text][\/vc_column][\/vc_row][vc_row full_width=&#8220;stretch_row&#8220; gap=&#8220;30&#8243; equal_height=&#8220;yes&#8220; content_placement=&#8220;top&#8220; css=&#8220;.vc_custom_1566037685513{padding-top: 40px !important;padding-bottom: 40px !important;background-color: #ededed !important;}&#8220;][vc_column width=&#8220;1\/2&#8243; css=&#8220;.vc_custom_1566036100039{border-top-width: 7px !important;border-right-width: 7px !important;border-bottom-width: 7px !important;border-left-width: 7px !important;padding-top: 30px !important;padding-right: 50px !important;padding-bottom: 50px !important;padding-left: 50px !important;background-color: #99c6bb !important;border-left-color: #30a6d1 !important;border-right-color: #30a6d1 !important;border-top-color: #30a6d1 !important;border-bottom-color: #30a6d1 !important;}&#8220;][vc_custom_heading text=&#8220;Kreativagentur = Full Service?&#8220; font_container=&#8220;tag:h2|font_size:30|text_align:left|color:%233a3a3a&#8220; google_fonts=&#8220;font_family:Voltaire%3Aregular|font_style:400%20regular%3A400%3Anormal&#8220;][vc_column_text 0=&#8220;&#8220;]<strong>Kann sein. Muss aber nicht.<\/strong> Den Begriff der Full Service\u2013Agentur verbindet man eher mit der klassischen Werbeagentur. Kreativagenturen sind meist schlanker, fresher und spezialisiert.<\/p>\n<p><strong>Abenteuerfabrik Inhouse<\/strong><\/p>\n<ul style=\"list-style-type: square;\">\n<li>Projektleitung, Management<\/li>\n<li>PR &amp;\u00a0Kommunikation<\/li>\n<li>Text &amp; Konzept<\/li>\n<li>Komposition, Audioproduktion<\/li>\n<li>Betreuung von Social Media Kan\u00e4len<\/li>\n<li>Eventplanung und Durchf\u00fchrung (k\u00fcnstlerischer Part)<\/li>\n<\/ul>\n<p><strong>Abenteuerfabrik + Partner<\/strong><\/p>\n<ul style=\"list-style-type: square;\">\n<li>Grafik<\/li>\n<li>Video<\/li>\n<li>Websites und SEO<\/li>\n<li>Eventplanung und Durchf\u00fchrung (logistischer Part)<\/li>\n<\/ul>\n<p>[\/vc_column_text][\/vc_column][vc_column width=&#8220;1\/2&#8243; css=&#8220;.vc_custom_1566036117938{border-top-width: 7px !important;border-right-width: 7px !important;border-bottom-width: 7px !important;border-left-width: 7px !important;padding-top: 30px !important;padding-right: 50px !important;padding-bottom: 50px !important;padding-left: 50px !important;background-color: #a1c8d1 !important;}&#8220;][vc_custom_heading text=&#8220;Welche Zielgruppen erreicht man \u00fcber eine Kreativagentur?&#8220; font_container=&#8220;tag:h2|font_size:30|text_align:left|color:%233a3a3a&#8220; google_fonts=&#8220;font_family:Voltaire%3Aregular|font_style:400%20regular%3A400%3Anormal&#8220;][vc_column_text 0=&#8220;&#8220;]<strong>Alle, die Ohren haben, zu h\u00f6ren und Augen, um zu sehen.<\/strong>\u00a0F\u00fcr unterschiedliche Ziel- und Altersgruppen braucht es verschiedene kreative Konzepte und kein Schema F. Diese Unterschiedlichkeit ist eine Herausforderung, der sich Kreativagenturen gerne stellen.<\/p>\n<p><strong>Wie und wo erreiche ich die, dich ich erreichen m\u00f6chte?<br \/>\n<\/strong>Alle Medien und M\u00f6glichkeiten k\u00f6nnen Mittel zum Zweck werden.<\/p>\n<ul style=\"list-style-type: square;\">\n<li>TV<\/li>\n<li>Radio<\/li>\n<li>Audioproduktion<\/li>\n<li>Print (regional\/\u00fcberregional)<\/li>\n<li>Internet &amp;\u00a0social media<\/li>\n<li>YouTube &amp; Co.<\/li>\n<li>Event<\/li>\n<\/ul>\n<p>[\/vc_column_text][\/vc_column][\/vc_row][vc_row][vc_column css=&#8220;.vc_custom_1566037781058{border-top-width: 20px !important;}&#8220;][vc_column_text]<\/p>\n<p style=\"text-align: center;\"><strong><span style=\"font-size: 14pt;\">&#8222;There is only one of you in all time, this expression is unique.\u00a0And if you block it, it will never exist through any other medium and it will be lost.\u201d\u00a0\u2015 Martha Graham<\/span><\/strong><\/p>\n<p>[\/vc_column_text][vc_single_image image=&#8220;3892&#8243; img_size=&#8220;large&#8220; alignment=&#8220;center&#8220; css=&#8220;.vc_custom_1566038174321{border-right-width: 7px !important;border-left-width: 7px !important;}&#8220;][vc_btn title=&#8220;\u00dcber die Abenteuerfabrik&#8220; style=&#8220;flat&#8220; color=&#8220;pink&#8220; align=&#8220;center&#8220; link=&#8220;url:http%3A%2F%2Fwww.3zwanzig.de%2Fabenteuerfabrik%2Fabout%2F|title:About||&#8220;][\/vc_column][\/vc_row]<\/p>\n<\/div>","protected":false},"excerpt":{"rendered":"<p>[vc_row][vc_column width=&#8220;1\/2&#8243;][lab_heading title=&#8220;Kreativit\u00e4t ist &#8230;&#8220; css=&#8220;.vc_custom_1566038091103{padding-bottom: 10px !important;}&#8220;]Einfallsreichtum, Sch\u00f6pferkraft, Begabung, Originalit\u00e4t, Fantasie, Inspiration, Improvisation, Erfindungsgabe, Intellekt[\/lab_heading][lab_heading title=&#8220;einfach machen&#8220; css=&#8220;.vc_custom_1566038133002{border-top-width: 5px !important;}&#8220;][\/lab_heading][\/vc_column][vc_column width=&#8220;1\/2&#8243;][vc_single_image image=&#8220;3628&#8243; img_size=&#8220;medium&#8220;][\/vc_column][\/vc_row][vc_row full_width=&#8220;stretch_row&#8220; gap=&#8220;30&#8243; equal_height=&#8220;yes&#8220; content_placement=&#8220;top&#8220; css=&#8220;.vc_custom_1566035820427{padding-top: 40px !important;padding-bottom: 40px !important;background-color: #ededed !important;}&#8220;][vc_column width=&#8220;1\/2&#8243; css=&#8220;.vc_custom_1566035794683{border-top-width: 7px !important;border-right-width: 7px !important;border-bottom-width: 7px !important;border-left-width: 7px !important;padding-top: 50px !important;padding-right: 50px !important;padding-bottom: 30px !important;padding-left: 50px !important;background-color: #ffbfbf !important;border-left-color:&hellip;<\/p>\n","protected":false},"author":1,"featured_media":0,"parent":0,"menu_order":0,"comment_status":"closed","ping_status":"closed","template":"","meta":{"footnotes":""},"class_list":["post-3842","page","type-page","status-publish","hentry"],"_links":{"self":[{"href":"https:\/\/www.3zwanzig.de\/abenteuerfabrik\/wp-json\/wp\/v2\/pages\/3842","targetHints":{"allow":["GET"]}}],"collection":[{"href":"https:\/\/www.3zwanzig.de\/abenteuerfabrik\/wp-json\/wp\/v2\/pages"}],"about":[{"href":"https:\/\/www.3zwanzig.de\/abenteuerfabrik\/wp-json\/wp\/v2\/types\/page"}],"author":[{"embeddable":true,"href":"https:\/\/www.3zwanzig.de\/abenteuerfabrik\/wp-json\/wp\/v2\/users\/1"}],"replies":[{"embeddable":true,"href":"https:\/\/www.3zwanzig.de\/abenteuerfabrik\/wp-json\/wp\/v2\/comments?post=3842"}],"version-history":[{"count":40,"href":"https:\/\/www.3zwanzig.de\/abenteuerfabrik\/wp-json\/wp\/v2\/pages\/3842\/revisions"}],"predecessor-version":[{"id":4406,"href":"https:\/\/www.3zwanzig.de\/abenteuerfabrik\/wp-json\/wp\/v2\/pages\/3842\/revisions\/4406"}],"wp:attachment":[{"href":"https:\/\/www.3zwanzig.de\/abenteuerfabrik\/wp-json\/wp\/v2\/media?parent=3842"}],"curies":[{"name":"wp","href":"https:\/\/api.w.org\/{rel}","templated":true}]}}