{"id":3379,"date":"2015-03-19T00:35:05","date_gmt":"2015-03-19T00:35:05","guid":{"rendered":"http:\/\/demo-content.kaliumtheme.com\/agency\/?page_id=3379"},"modified":"2024-08-14T09:07:55","modified_gmt":"2024-08-14T07:07:55","slug":"home","status":"publish","type":"page","link":"https:\/\/www.3zwanzig.de\/abenteuerfabrik\/","title":{"rendered":"Home"},"content":{"rendered":"<div class=\"wpb-content-wrapper\"><p>[vc_row full_width=&#8220;stretch_row&#8220; css=&#8220;.vc_custom_1566666450155{margin-right: 0px !important;margin-left: 0px !important;border-right-width: 0px !important;border-left-width: 0px !important;padding-top: 0px !important;padding-right: 20px !important;padding-bottom: 0px !important;padding-left: 20px !important;background: #fcfcfc url(https:\/\/www.abenteuerfabrik.de\/wp-content\/uploads\/sites\/17\/girl-2940655_1920.jpg?id=3892) !important;border-left-color: #f4f4f4 !important;border-right-color: #f4f4f4 !important;}&#8220;][vc_column video_bg=&#8220;yes&#8220; video_bg_url=&#8220;https:\/\/youtu.be\/JuZt3v19gUM&#8220; css_animation=&#8220;none&#8220; reveal_effect=&#8220;fadeIn&#8220; css=&#8220;.vc_custom_1566291606249{padding-top: 40px !important;padding-right: 20px !important;padding-bottom: 40px !important;padding-left: 20px !important;}&#8220; reveal_delay=&#8220;0.3&#8243;][lab_text_autotype typed_text=&#8220;#E-8_V2lsbGtvbW1lbiUyMGluJTIwZGVyJTIwQWJlbnRldWVyZmFicmlrLiUyMEhpZXIlMjBmaW5kZW4lMjBTaWUlMEElM0NzcGFuJTIwY2xhc3MlM0QlMjJibG9jayUyMiUzRSUyQUVyZmluZHVuZ3NnZWlzdCUzQk9yaWdpbmFsaXQlQzMlQTR0JTNCV2l0eiUyMCUyNiUyMEVzcHJpdCUzQlNjaGFyZnNpbm4lM0JGYW50YXNpZSUyMC4uLiUyQSUzQyUyRnNwYW4lM0U=&#8220; typed_show_options=&#8220;yes&#8220; typed_options_cursorchar=&#8220;_&#8220; typed_options_typespeed=&#8220;120&#8243; typed_options_backspeed=&#8220;80&#8243; typed_options_startdelay=&#8220;380&#8243; css=&#8220;.vc_custom_1566819409710{margin-top: 0px !important;margin-right: 0px !important;margin-bottom: 0px !important;margin-left: 0px !important;border-top-width: 20px !important;border-bottom-width: 25px !important;padding-top: 40px !important;padding-right: 20px !important;padding-bottom: 25px !important;padding-left: 20px !important;}&#8220;][\/vc_column][\/vc_row][vc_row gap=&#8220;5&#8243; css=&#8220;.vc_custom_1566044906439{border-bottom-width: 30px !important;}&#8220;][vc_column][vc_row_inner][vc_column_inner width=&#8220;1\/3&#8243;][\/vc_column_inner][vc_column_inner width=&#8220;1\/3&#8243;][lab_heading title=&#8220;&#8220;][\/lab_heading][\/vc_column_inner][vc_column_inner width=&#8220;1\/3&#8243;][\/vc_column_inner][\/vc_row_inner][\/vc_column][\/vc_row][vc_row][vc_column width=&#8220;1\/3&#8243;][vc_hoverbox image=&#8220;3721&#8243; primary_title=&#8220;&#8220; hover_title=&#8220;TEXTE&#8220; shape=&#8220;round&#8220; el_width=&#8220;90&#8243; hover_btn_title=&#8220;Mehr lesen&#8220; hover_btn_style=&#8220;flat&#8220; hover_btn_color=&#8220;pink&#8220; hover_add_button=&#8220;true&#8220; hover_btn_link=&#8220;url:https%3A%2F%2Fwww.abenteuerfabrik.de%2Ftext%2F|title:Text&#8220; css=&#8220;.vc_custom_1675158757596{padding-top: 35px !important;}&#8220;]<\/p>\n<p style=\"text-align: left\">Wir texten neu oder formulieren um.\u00a0Gute Texte springen an, stechen\u00a0ins Auge und treffen den Nerv.<\/p>\n<p>[\/vc_hoverbox][\/vc_column][vc_column width=&#8220;1\/3&#8243;][vc_hoverbox image=&#8220;3722&#8243; primary_title=&#8220;&#8220; hover_title=&#8220;MUSIK&#8220; shape=&#8220;round&#8220; el_width=&#8220;90&#8243; hover_btn_title=&#8220;Mehr h\u00f6ren&#8220; hover_btn_style=&#8220;flat&#8220; hover_btn_color=&#8220;pink&#8220; hover_add_button=&#8220;true&#8220; hover_btn_link=&#8220;url:http%3A%2F%2Fwww.3zwanzig.de%2Fabenteuerfabrik%2Fmusik%2F|title:Musik||&#8220; css=&#8220;.vc_custom_1568113415752{padding-top: 35px !important;}&#8220;]<\/p>\n<p style=\"text-align: left\">Musik macht gl\u00fccklich.<br \/>\nIn der Abenteuerfabrik sind bereits \u00fcber 300 Lieder f\u00fcr Kinder und Erwachsene entstanden.<\/p>\n<p>[\/vc_hoverbox][\/vc_column][vc_column width=&#8220;1\/3&#8243;][vc_hoverbox image=&#8220;3940&#8243; primary_title=&#8220;&#8220; hover_title=&#8220;VOICE&#8220; shape=&#8220;round&#8220; el_width=&#8220;90&#8243; hover_btn_title=&#8220;Auf Stimmenfang gehen&#8220; hover_btn_style=&#8220;flat&#8220; hover_btn_color=&#8220;pink&#8220; hover_add_button=&#8220;true&#8220; hover_btn_link=&#8220;url:http%3A%2F%2Fwww.3zwanzig.de%2Fabenteuerfabrik%2Fsprachaufnahmen%2F|title:Sprachaufnahmen||&#8220; css=&#8220;.vc_custom_1723618996092{padding-top: 35px !important;}&#8220;]<\/p>\n<p style=\"text-align: left\">Worten eine Stimme &amp; Botschaften eine Stimmung geben. Lustig, informativ, mitrei\u00dfend, gruselig oder einfach nur sch\u00f6n.<\/p>\n<p>[\/vc_hoverbox][\/vc_column][\/vc_row][vc_row gap=&#8220;5&#8243; equal_height=&#8220;yes&#8220;][vc_column width=&#8220;1\/3&#8243;][vc_hoverbox image=&#8220;3938&#8243; primary_title=&#8220;&#8220; hover_title=&#8220;Figuren&#8220; shape=&#8220;round&#8220; el_width=&#8220;90&#8243; hover_btn_title=&#8220;Mehr&#8220; hover_btn_style=&#8220;flat&#8220; hover_btn_color=&#8220;pink&#8220; hover_add_button=&#8220;true&#8220; hover_btn_link=&#8220;url:http%3A%2F%2Fwww.3zwanzig.de%2Fabenteuerfabrik%2Ffigurenentwicklung%2F|title:Figurenentwicklung||&#8220; css=&#8220;.vc_custom_1723619074259{padding-top: 35px !important;}&#8220;]<\/p>\n<p style=\"text-align: left\">Wir kreieren Figuren neu. Wir geben Ihrer Figur eine Stimme, einen Charakter und hauchen ihnen f\u00fcr die\u00a0Live-Umsetzung Leben ein.<\/p>\n<p>[\/vc_hoverbox][\/vc_column][vc_column width=&#8220;1\/3&#8243;][vc_hoverbox image=&#8220;3942&#8243; primary_title=&#8220;&#8220; hover_title=&#8220;PROJEKTE&#8220; shape=&#8220;round&#8220; el_width=&#8220;90&#8243; hover_btn_title=&#8220;Hereinspaziert&#8220; hover_btn_style=&#8220;flat&#8220; hover_btn_color=&#8220;pink&#8220; hover_add_button=&#8220;true&#8220; hover_btn_link=&#8220;url:http%3A%2F%2Fwww.3zwanzig.de%2Fabenteuerfabrik%2Fprojekte%2F|title:Projekte||&#8220; css=&#8220;.vc_custom_1579534694495{padding-top: 35px !important;}&#8220;]<\/p>\n<p style=\"text-align: left\">Kommen Sie n\u00e4her, kommen Sie ran. Schauen Sie sich um und sprechen Sie uns gerne an.<\/p>\n<p>[\/vc_hoverbox][\/vc_column][vc_column width=&#8220;1\/3&#8243;][vc_hoverbox image=&#8220;3898&#8243; primary_title=&#8220;&#8220; hover_title=&#8220;B\u00fchne&#8220; shape=&#8220;round&#8220; el_width=&#8220;90&#8243; hover_btn_title=&#8220;Eintritt frei&#8220; hover_btn_style=&#8220;flat&#8220; hover_btn_color=&#8220;pink&#8220; hover_btn_align=&#8220;center&#8220; hover_add_button=&#8220;true&#8220; hover_btn_link=&#8220;url:http%3A%2F%2Fwww.3zwanzig.de%2Fabenteuerfabrik%2Flive%2F|title:Live||&#8220; css=&#8220;.vc_custom_1723619087807{padding-top: 35px !important;}&#8220;]<\/p>\n<p style=\"text-align: left\">Auf die B\u00fchne, fertig, los!? Wir haben einen Plan. Wir inszenieren B\u00fchnenst\u00fccke und sind bei Veranstaltungen auf und hinter der B\u00fchne aktiv.<\/p>\n<p>[\/vc_hoverbox][\/vc_column][\/vc_row][vc_row gap=&#8220;5&#8243; equal_height=&#8220;yes&#8220; css=&#8220;.vc_custom_1568113494419{margin-bottom: 45px !important;}&#8220;][vc_column width=&#8220;1\/3&#8243;][vc_hoverbox image=&#8220;3896&#8243; primary_title=&#8220;&#8220; hover_title=&#8220;PR &amp; Communications&#8220; shape=&#8220;round&#8220; el_width=&#8220;90&#8243; hover_btn_title=&#8220;Mehr&#8220; hover_btn_style=&#8220;flat&#8220; hover_btn_color=&#8220;pink&#8220; hover_add_button=&#8220;true&#8220; hover_btn_link=&#8220;url:http%3A%2F%2Fwww.3zwanzig.de%2Fabenteuerfabrik%2Fpr%2F|title:PR||&#8220; css=&#8220;.vc_custom_1723619175227{padding-top: 35px !important;}&#8220;]<\/p>\n<ul style=\"list-style-type: square\">\n<li style=\"text-align: left\">(K\u00fcnstler-) Management<\/li>\n<li style=\"text-align: left\">Vermarktung<\/li>\n<li style=\"text-align: left\">Media Operations bei (internationalen) Gro\u00dfveranstaltungen<\/li>\n<\/ul>\n<p>[\/vc_hoverbox][\/vc_column][vc_column width=&#8220;1\/3&#8243;][vc_hoverbox image=&#8220;3724&#8243; primary_title=&#8220;&#8220; hover_title=&#8220;AGENTUR&#8220; shape=&#8220;round&#8220; el_width=&#8220;90&#8243; hover_btn_title=&#8220;Mehr&#8220; hover_btn_style=&#8220;flat&#8220; hover_btn_color=&#8220;pink&#8220; hover_add_button=&#8220;true&#8220; hover_btn_link=&#8220;url:http%3A%2F%2Fwww.3zwanzig.de%2Fabenteuerfabrik%2Fabout%2F|title:About||&#8220; css=&#8220;.vc_custom_1723619271287{padding-top: 35px !important;}&#8220;]<\/p>\n<p style=\"text-align: left\">Business &amp; Kreativit\u00e4t sowie Sport &amp; Kunst ergeben die kreaktive Mischung, aus der die Abenteuerfabrik hervorgegangen ist.<\/p>\n<p>[\/vc_hoverbox][\/vc_column][vc_column width=&#8220;1\/3&#8243;][vc_hoverbox image=&#8220;3941&#8243; primary_title=&#8220;&#8220; hover_title=&#8220;FAQs&#8220; shape=&#8220;round&#8220; el_width=&#8220;90&#8243; hover_btn_title=&#8220;Fragen und Antworten&#8220; hover_btn_style=&#8220;flat&#8220; hover_btn_color=&#8220;pink&#8220; hover_add_button=&#8220;true&#8220; hover_btn_link=&#8220;url:http%3A%2F%2Fwww.3zwanzig.de%2Fabenteuerfabrik%2Ffaq-kreativagentur%2F|title:FAQ%20Kreativagentur||&#8220; css=&#8220;.vc_custom_1723619106258{padding-top: 35px !important;}&#8220;]<\/p>\n<p style=\"text-align: left\">Wer braucht eigentlich eine Kreativagentur?\u00a0Sagen wir es mal so&#8230;:\u00a0&#8222;Wer nicht mit der Zeit geht, geht mit der Zeit.&#8220;\u00a0(F. Schiller)<\/p>\n<p>[\/vc_hoverbox][\/vc_column][\/vc_row][vc_row full_width=&#8220;stretch_row&#8220; css=&#8220;.vc_custom_1566058274885{background-color: #e5e5e5 !important;}&#8220;][vc_column][lab_heading title=&#8220;Leistungen der Abenteuerfabrik&#8220;][\/lab_heading][\/vc_column][\/vc_row][vc_row full_width=&#8220;stretch_row&#8220; css=&#8220;.vc_custom_1565773699723{background-color: #e5e5e5 !important;}&#8220;][vc_column width=&#8220;1\/4&#8243;][vc_column_text]<a href=\"https:\/\/www.abenteuerfabrik.de\/about\/\">DIE ABENTEUERFABRIK<\/a><\/p>\n<ul style=\"list-style-type: square\">\n<li>Kreativagentur<\/li>\n<li>Kunst &amp; Kommunikation<\/li>\n<li>Musiklabel<br \/>\n<a href=\"http:\/\/www.rudywouldlikeit.com\" target=\"_blank\" rel=\"noopener noreferrer\"><em>RudyWouldLikeIt<\/em><\/a><\/li>\n<li>Kinderprogramm<br \/>\n<a href=\"http:\/\/www.kess-kinderprogramm.de\" target=\"_blank\" rel=\"noopener noreferrer\"><em>Abenteuer mit KESS<\/em><\/a><\/li>\n<li>PR &amp; Kommunikation<br \/>\n<a href=\"http:\/\/www.3zwanzig.de\" target=\"_blank\" rel=\"noopener noreferrer\"><em>3zwanzig<\/em><\/a><\/li>\n<\/ul>\n<p>[\/vc_column_text][\/vc_column][vc_column width=&#8220;1\/4&#8243;][vc_column_text]<a href=\"https:\/\/www.abenteuerfabrik.de\/text\/\">TEXT<\/a><\/p>\n<ul style=\"list-style-type: square\">\n<li>Claims &amp; Slogans<\/li>\n<li>Konzepte<\/li>\n<li>Produktinformationen<\/li>\n<li>Web- und social media Beitr\u00e4ge<\/li>\n<li>Blog Beitr\u00e4ge<\/li>\n<li>K\u00fcnstlerbiographien<\/li>\n<li>Songtexte (dt.\/engl)<\/li>\n<li>Pressemitteilungen<\/li>\n<\/ul>\n<p>[\/vc_column_text][\/vc_column][vc_column width=&#8220;1\/4&#8243;][vc_column_text]<a href=\"https:\/\/www.abenteuerfabrik.de\/musik\/\">MUSIK<\/a><\/p>\n<ul style=\"list-style-type: square\">\n<li>Jingle<\/li>\n<li>Image Song<\/li>\n<li>Kinderlied<\/li>\n<li>Musical Kinder \/\u00a0Erwachsene<\/li>\n<li>Pop Song<\/li>\n<li>Rock Song<\/li>\n<li>Schlager<\/li>\n<li>Singer-Songwriter<\/li>\n<\/ul>\n<p>[\/vc_column_text][\/vc_column][vc_column width=&#8220;1\/4&#8243;][\/vc_column][\/vc_row][vc_row full_width=&#8220;stretch_row&#8220; css=&#8220;.vc_custom_1565773699723{background-color: #e5e5e5 !important;}&#8220;][vc_column width=&#8220;1\/4&#8243;][vc_column_text]<a href=\"https:\/\/www.abenteuerfabrik.de\/sprachaufnahmen\/\">SPRACHAUFNAHMEN<\/a><\/p>\n<ul style=\"list-style-type: square\">\n<li>Sprachaufnahmen (mit Kindern)<\/li>\n<li>Telefonansage<\/li>\n<li>Jingle<\/li>\n<li>Apps und E-Learnings<\/li>\n<li>Werbung Radio \/ TV<\/li>\n<li>Dokus &amp;\u00a0Imagefilme<\/li>\n<li>H\u00f6rbuch<\/li>\n<li>Beitr\u00e4ge Radio \/ Podcast<\/li>\n<\/ul>\n<p>[\/vc_column_text][\/vc_column][vc_column width=&#8220;1\/4&#8243;][vc_column_text]<a href=\"https:\/\/www.abenteuerfabrik.de\/figurenentwicklung\/\">FIGURENENTWICKLUNG<\/a><\/p>\n<ul style=\"list-style-type: square\">\n<li>Idee<\/li>\n<li>bildliche Darstellung<\/li>\n<li>Charakterbeschreibung<\/li>\n<li>Live-Umsetzung<\/li>\n<li>Walking Act<\/li>\n<li>Maskottchen<\/li>\n<li>B\u00fchnenfigur f\u00fcr Kinder<\/li>\n<li>B\u00fchnenfigur f\u00fcr Erwachsene<\/li>\n<\/ul>\n<p>[\/vc_column_text][\/vc_column][vc_column width=&#8220;1\/4&#8243;][vc_column_text]<a href=\"https:\/\/www.abenteuerfabrik.de\/live\/\">B\u00dcHNENPROGRAMME<\/a><\/p>\n<ul style=\"list-style-type: square\">\n<li>Moderation<\/li>\n<li>Gesang<\/li>\n<li>Kinderprogramm KESS<\/li>\n<li>K\u00fcnstlerempfehlung<\/li>\n<li>Regie<\/li>\n<li>Inszenierung<\/li>\n<li>Dramaturgie<\/li>\n<li>Tourmanagement<\/li>\n<\/ul>\n<p>[\/vc_column_text][\/vc_column][vc_column width=&#8220;1\/4&#8243;][vc_column_text]<a href=\"https:\/\/www.abenteuerfabrik.de\/pr\/\">PR &amp; KOMMUNIKATION<\/a><\/p>\n<ul style=\"list-style-type: square\">\n<li>Management &amp; Beratung<\/li>\n<li>Kommunikationskonzepte<\/li>\n<li>Imageberatung<\/li>\n<li>Pressearbeit<\/li>\n<li>Media Operations<\/li>\n<li>Pressekonferenzen<\/li>\n<li>Mentoring<\/li>\n<li>Pers\u00f6nlichkeitsentwicklung<\/li>\n<\/ul>\n<p>[\/vc_column_text][\/vc_column][\/vc_row][vc_row][vc_column width=&#8220;1\/2&#8243;][\/vc_column][vc_column width=&#8220;1\/2&#8243;][\/vc_column][\/vc_row][vc_row][vc_column][lab_heading title=&#8220;&#8220;][\/lab_heading][\/vc_column][\/vc_row][vc_row][vc_column width=&#8220;1\/2&#8243;][vc_column_text]<span class=\"copycode\"><div  id=\"_ytid_51399\"  width=\"945\" height=\"531\"  data-origwidth=\"945\" data-origheight=\"531\"  data-relstop=\"1\" data-facadesrc=\"https:\/\/www.youtube-nocookie.com\/embed\/_YP0Y-qe6A4?enablejsapi=1&origin=https:\/\/www.3zwanzig.de&autoplay=0&cc_load_policy=0&cc_lang_pref=&iv_load_policy=1&loop=0&rel=0&fs=1&playsinline=0&autohide=2&theme=dark&color=red&controls=1&disablekb=0&\" class=\"__youtube_prefs__ epyt-facade no-lazyload\" data-epautoplay=\"1\" ><img decoding=\"async\" data-spai-excluded=\"true\" class=\"epyt-facade-poster skip-lazy\" loading=\"lazy\"  alt=\"YouTube player\"  src=\"https:\/\/i.ytimg.com\/vi\/_YP0Y-qe6A4\/maxresdefault.jpg\"  \/><button class=\"epyt-facade-play\" aria-label=\"Play\"><svg data-no-lazy=\"1\" height=\"100%\" version=\"1.1\" viewBox=\"0 0 68 48\" width=\"100%\"><path class=\"ytp-large-play-button-bg\" d=\"M66.52,7.74c-0.78-2.93-2.49-5.41-5.42-6.19C55.79,.13,34,0,34,0S12.21,.13,6.9,1.55 C3.97,2.33,2.27,4.81,1.48,7.74C0.06,13.05,0,24,0,24s0.06,10.95,1.48,16.26c0.78,2.93,2.49,5.41,5.42,6.19 C12.21,47.87,34,48,34,48s21.79-0.13,27.1-1.55c2.93-0.78,4.64-3.26,5.42-6.19C67.94,34.95,68,24,68,24S67.94,13.05,66.52,7.74z\" fill=\"#f00\"><\/path><path d=\"M 45,24 27,14 27,34\" fill=\"#fff\"><\/path><\/svg><\/button><\/div><\/span>[\/vc_column_text][\/vc_column][vc_column width=&#8220;1\/2&#8243;][vc_column_text]<span class=\"copycode\"><div  id=\"_ytid_62298\"  width=\"945\" height=\"531\"  data-origwidth=\"945\" data-origheight=\"531\"  data-relstop=\"1\" data-facadesrc=\"https:\/\/www.youtube-nocookie.com\/embed\/DtkHItHp-uI?enablejsapi=1&origin=https:\/\/www.3zwanzig.de&autoplay=0&cc_load_policy=0&cc_lang_pref=&iv_load_policy=1&loop=0&rel=0&fs=1&playsinline=0&autohide=2&theme=dark&color=red&controls=1&disablekb=0&\" class=\"__youtube_prefs__ epyt-facade no-lazyload\" data-epautoplay=\"1\" ><img decoding=\"async\" data-spai-excluded=\"true\" class=\"epyt-facade-poster skip-lazy\" loading=\"lazy\"  alt=\"YouTube player\"  src=\"https:\/\/i.ytimg.com\/vi\/DtkHItHp-uI\/maxresdefault.jpg\"  \/><button class=\"epyt-facade-play\" aria-label=\"Play\"><svg data-no-lazy=\"1\" height=\"100%\" version=\"1.1\" viewBox=\"0 0 68 48\" width=\"100%\"><path class=\"ytp-large-play-button-bg\" d=\"M66.52,7.74c-0.78-2.93-2.49-5.41-5.42-6.19C55.79,.13,34,0,34,0S12.21,.13,6.9,1.55 C3.97,2.33,2.27,4.81,1.48,7.74C0.06,13.05,0,24,0,24s0.06,10.95,1.48,16.26c0.78,2.93,2.49,5.41,5.42,6.19 C12.21,47.87,34,48,34,48s21.79-0.13,27.1-1.55c2.93-0.78,4.64-3.26,5.42-6.19C67.94,34.95,68,24,68,24S67.94,13.05,66.52,7.74z\" fill=\"#f00\"><\/path><path d=\"M 45,24 27,14 27,34\" fill=\"#fff\"><\/path><\/svg><\/button><\/div><\/span>[\/vc_column_text][\/vc_column][\/vc_row][vc_row][vc_column css_animation=&#8220;none&#8220; reveal_effect=&#8220;fadeIn&#8220; reveal_duration=&#8220;0.7&#8243; reveal_delay=&#8220;0.1&#8243;][lab_heading title=&#8220;Referenzen&#8220;][\/lab_heading][\/vc_column][\/vc_row][vc_row][vc_column][lab_clients columns_count=&#8220;5&#8243; column_spacing=&#8220;yes&#8220; image_borders=&#8220;no&#8220; hover_style=&#8220;none&#8220; reveal_effect=&#8220;none&#8220; height=&#8220;180&#8243;][lab_clients_entry image=&#8220;3909&#8243; link=&#8220;|||&#8220; title=&#8220;Rewe&#8220;][lab_clients_entry image=&#8220;3911&#8243; link=&#8220;|||&#8220; title=&#8220;Legoland&#8220;][lab_clients_entry image=&#8220;3907&#8243; title=&#8220;tropical&#8220; link=&#8220;|||&#8220;][lab_clients_entry image=&#8220;3906&#8243; title=&#8220;Belantis&#8220; link=&#8220;|||&#8220;][lab_clients_entry image=&#8220;3908&#8243; title=&#8220;w w&#8220; link=&#8220;|||&#8220;][lab_clients_entry image=&#8220;3912&#8243; link=&#8220;|||&#8220; title=&#8220;DFB&#8220;][lab_clients_entry image=&#8220;4486&#8243; link=&#8220;|||&#8220; title=&#8220;UEFA&#8220;][lab_clients_entry image=&#8220;3913&#8243; link=&#8220;|||&#8220; title=&#8220;Fifa&#8220;][lab_clients_entry image=&#8220;4484&#8243; link=&#8220;|||&#8220; title=&#8220;LSB&#8220;][lab_clients_entry image=&#8220;4482&#8243; link=&#8220;|||&#8220; title=&#8220;UEFA CL&#8220;][lab_clients_entry image=&#8220;3902&#8243; link=&#8220;|||&#8220; title=&#8220;LVZ&#8220;][lab_clients_entry image=&#8220;3901&#8243; link=&#8220;|||&#8220; title=&#8220;Lwb&#8220;][lab_clients_entry image=&#8220;4483&#8243; link=&#8220;|||&#8220; title=&#8220;Momelino&#8220;][lab_clients_entry image=&#8220;3905&#8243; link=&#8220;|||&#8220; title=&#8220;L hilft Kindern&#8220;][lab_clients_entry image=&#8220;3914&#8243; link=&#8220;|||&#8220; title=&#8220;L Stadtwerke&#8220;][lab_clients_entry image=&#8220;3915&#8243; link=&#8220;|||&#8220; title=&#8220;b\u00e4ren&#8220;][lab_clients_entry image=&#8220;3910&#8243; link=&#8220;|||&#8220; title=&#8220;\u00d6rag&#8220;][lab_clients_entry image=&#8220;3904&#8243; link=&#8220;|||&#8220; title=&#8220;Stadtrundfahrt&#8220;][lab_clients_entry image=&#8220;3903&#8243; link=&#8220;|||&#8220; title=&#8220;fahrgemeinschaft&#8220;][lab_clients_entry image=&#8220;4485&#8243; link=&#8220;|||&#8220; title=&#8220;Mittels\u00e4chsisches Theater&#8220;][\/lab_clients][\/vc_column][\/vc_row]<\/p>\n<\/div>","protected":false},"excerpt":{"rendered":"<p>[vc_row full_width=&#8220;stretch_row&#8220; css=&#8220;.vc_custom_1566666450155{margin-right: 0px !important;margin-left: 0px !important;border-right-width: 0px !important;border-left-width: 0px !important;padding-top: 0px !important;padding-right: 20px !important;padding-bottom: 0px !important;padding-left: 20px !important;background: #fcfcfc url(https:\/\/www.abenteuerfabrik.de\/wp-content\/uploads\/sites\/17\/girl-2940655_1920.jpg?id=3892) !important;border-left-color: #f4f4f4 !important;border-right-color: #f4f4f4 !important;}&#8220;][vc_column video_bg=&#8220;yes&#8220; video_bg_url=&#8220;https:\/\/youtu.be\/JuZt3v19gUM&#8220; css_animation=&#8220;none&#8220; reveal_effect=&#8220;fadeIn&#8220; css=&#8220;.vc_custom_1566291606249{padding-top: 40px !important;padding-right: 20px !important;padding-bottom: 40px !important;padding-left: 20px !important;}&#8220; reveal_delay=&#8220;0.3&#8243;][lab_text_autotype typed_text=&#8220;#E-8_V2lsbGtvbW1lbiUyMGluJTIwZGVyJTIwQWJlbnRldWVyZmFicmlrLiUyMEhpZXIlMjBmaW5kZW4lMjBTaWUlMEElM0NzcGFuJTIwY2xhc3MlM0QlMjJibG9jayUyMiUzRSUyQUVyZmluZHVuZ3NnZWlzdCUzQk9yaWdpbmFsaXQlQzMlQTR0JTNCV2l0eiUyMCUyNiUyMEVzcHJpdCUzQlNjaGFyZnNpbm4lM0JGYW50YXNpZSUyMC4uLiUyQSUzQyUyRnNwYW4lM0U=&#8220; typed_show_options=&#8220;yes&#8220; typed_options_cursorchar=&#8220;_&#8220; typed_options_typespeed=&#8220;120&#8243; typed_options_backspeed=&#8220;80&#8243; typed_options_startdelay=&#8220;380&#8243; css=&#8220;.vc_custom_1566819409710{margin-top: 0px !important;margin-right: 0px !important;margin-bottom: 0px !important;margin-left: 0px !important;border-top-width:&hellip;<\/p>\n","protected":false},"author":1,"featured_media":0,"parent":0,"menu_order":0,"comment_status":"open","ping_status":"open","template":"","meta":{"footnotes":""},"class_list":["post-3379","page","type-page","status-publish","hentry"],"_links":{"self":[{"href":"https:\/\/www.3zwanzig.de\/abenteuerfabrik\/wp-json\/wp\/v2\/pages\/3379","targetHints":{"allow":["GET"]}}],"collection":[{"href":"https:\/\/www.3zwanzig.de\/abenteuerfabrik\/wp-json\/wp\/v2\/pages"}],"about":[{"href":"https:\/\/www.3zwanzig.de\/abenteuerfabrik\/wp-json\/wp\/v2\/types\/page"}],"author":[{"embeddable":true,"href":"https:\/\/www.3zwanzig.de\/abenteuerfabrik\/wp-json\/wp\/v2\/users\/1"}],"replies":[{"embeddable":true,"href":"https:\/\/www.3zwanzig.de\/abenteuerfabrik\/wp-json\/wp\/v2\/comments?post=3379"}],"version-history":[{"count":10,"href":"https:\/\/www.3zwanzig.de\/abenteuerfabrik\/wp-json\/wp\/v2\/pages\/3379\/revisions"}],"predecessor-version":[{"id":4528,"href":"https:\/\/www.3zwanzig.de\/abenteuerfabrik\/wp-json\/wp\/v2\/pages\/3379\/revisions\/4528"}],"wp:attachment":[{"href":"https:\/\/www.3zwanzig.de\/abenteuerfabrik\/wp-json\/wp\/v2\/media?parent=3379"}],"curies":[{"name":"wp","href":"https:\/\/api.w.org\/{rel}","templated":true}]}}