{"id":2154,"date":"2015-03-12T14:38:59","date_gmt":"2015-03-12T14:38:59","guid":{"rendered":"http:\/\/demo-content.kaliumtheme.com\/agency\/?page_id=2154"},"modified":"2025-07-15T17:21:16","modified_gmt":"2025-07-15T15:21:16","slug":"team","status":"publish","type":"page","link":"https:\/\/www.3zwanzig.de\/abenteuerfabrik\/team\/","title":{"rendered":"Team"},"content":{"rendered":"<div class=\"wpb-content-wrapper\"><p>[vc_row][vc_column reveal_effect=&#8220;fadeIn&#8220; reveal_duration=&#8220;0.7&#8243; reveal_delay=&#8220;0.1&#8243;][lab_heading title=&#8220;Team&#8220;][\/lab_heading][\/vc_column][\/vc_row][vc_row][vc_column width=&#8220;1\/2&#8243;][vc_single_image image=&#8220;4145&#8243; img_size=&#8220;full&#8220; style=&#8220;vc_box_rounded&#8220; css_animation=&#8220;fadeIn&#8220;][\/vc_column][vc_column width=&#8220;1\/2&#8243;][vc_single_image image=&#8220;4144&#8243; img_size=&#8220;full&#8220; style=&#8220;vc_box_rounded&#8220; css_animation=&#8220;fadeIn&#8220;][\/vc_column][\/vc_row][vc_row equal_height=&#8220;yes&#8220;][vc_column width=&#8220;1\/2&#8243;][lab_heading title_tag=&#8220;H3&#8243; title=&#8220;Conny Kanik&#8220;]&#8220;Kreativit\u00e4t ist Intelligenz, die Spa\u00df macht.&#8220; Einstein[\/lab_heading][vc_column_text]<em>Foto: Wolfgang Sens \/ LVZ<\/em><\/p>\n<p style=\"text-align: justify\">Conny Kanik (*1979) ist der Kreativkopf der Abenteuerfabrik. Als K\u00fcnstlerin sind ihr B\u00fchnen von winzig bis Friedrichstadtpalast bekannt.<\/p>\n<p style=\"text-align: justify\">Bislang hat sie bei 19 CD-Produktionen mitgewirkt. F\u00fcr zahlreiche Sprecherjobs hat sie ihre Stimme verliehen: Wenn Sie z.B. bei der Deutschen Rentenversicherung Mitteldeutschland anrufen, werden Sie ganz herzlich von Conny Kanik begr\u00fc\u00dft.<\/p>\n<p style=\"text-align: justify\">Sie ist vielseitig interessiert und kann sich schnell in unterschiedlichste Themenwelten hineindenken.<\/p>\n<p style=\"text-align: justify\">Nach dem Abschluss von Marketingstudium und Schauspielausbildung hat sie sich selbst\u00e4ndig gemacht und diese Entscheidung bis heute nicht bereut.<\/p>\n<p>[\/vc_column_text][\/vc_column][vc_column width=&#8220;1\/2&#8243;][lab_heading title_tag=&#8220;H3&#8243; title=&#8220;Anja Kunick&#8220;]\u201cDu bist die Entscheidung.\u201c Urs Meier[\/lab_heading][vc_column_text css=&#8220;&#8220;]<\/p>\n<p style=\"text-align: justify\"><em>Foto: Wolfgang Sens \/ LVZ<\/em><\/p>\n<p style=\"text-align: justify\">Anja Kunick (*1975) h\u00e4lt die F\u00e4den zusammen. In der Abenteuerfabrik und auch im Medienbereich, z.B. bei Gro\u00dfveranstaltungen wie einer Fu\u00dfball-WM.<\/p>\n<p style=\"text-align: justify\">Sie kennt nahezu alle Facetten des Fu\u00dfballs, weil sie diesen Sport von vielen Seiten erlebt und bereits in verschiedenen Positionen aktiv mitgestaltet hat.<\/p>\n<p style=\"text-align: justify\">In der Abenteuerfabrik trifft sportlicher Ehrgeiz und Teamgeist auf k\u00fcnstlerisches Potenzial: Eine kreaktive und fruchtbare Mischung.<\/p>\n<p style=\"text-align: justify\">Das erste gemeinsame Projekt zwischen Anja Kunick und Conny Kanik war, wie sollte es anders sein, die Produktion einer Fu\u00dfballhymne: Entstanden f\u00fcr den FF USV Jena \/ Frauen-Bundesliga.<\/p>\n<p>[\/vc_column_text][\/vc_column][\/vc_row][vc_row equal_height=&#8220;yes&#8220;][vc_column width=&#8220;1\/2&#8243;][vc_column_text]<strong>Arbeitsweise CK<\/strong><br \/>\nTeamplayer. Zeitfenster sinnvoll planen. Ziele setzen. Fokussiert arbeiten. Und dann ab in die Sauna, z.B. gerne dienstags 14 Uhr.[\/vc_column_text][\/vc_column][vc_column width=&#8220;1\/2&#8243;][vc_column_text]<strong>Arbeitsweise AK<\/strong><br \/>\nTeamplayer und Generalist. Gleichzeitig alle Projekte und Deadlines im Blick behalten und sich dabei nicht aus der Ruhe bringen lassen. Kreuz in den Sturm drehen, wenn es haarig wird. In schwierigen Situationen vor andere stellen, damit diese ihre Arbeit erledigen k\u00f6nnen.[\/vc_column_text][\/vc_column][\/vc_row][vc_row equal_height=&#8220;yes&#8220;][vc_column width=&#8220;1\/2&#8243;][vc_column_text]<strong>Erfahrung CK<\/strong><\/p>\n<ul style=\"list-style-type: square\">\n<li>Studien: Marketing &amp; Schauspiel<\/li>\n<li>S\u00e4ngerin, Texterin, Sprecherin, Komponistin, Moderatorin<\/li>\n<li>schreibt, vertont &amp; inszeniert (Kinder-)Musicals<\/li>\n<li>bislang an 23 Audioproduktionen mitgewirkt (CD \/ H\u00f6rspiel)<\/li>\n<li>\u00fcber 300 Lieder f\u00fcr Kinder und Erwachsene geschrieben<\/li>\n<li>Drehbuch &amp; Regie f\u00fcr B\u00fchnen-, H\u00f6rspiel und Videoproduktionen<\/li>\n<\/ul>\n<p>[\/vc_column_text][\/vc_column][vc_column width=&#8220;1\/2&#8243;][vc_column_text]<strong>Erfahrung AK<\/strong><\/p>\n<ul style=\"list-style-type: square\">\n<li>Studien: Wirtschaftswissenschaften &amp; Sport<\/li>\n<li>Kommunikationsberaterin<\/li>\n<li>Gesch\u00e4ftsf\u00fchrerin Frauen-Bundesligist FF USV Jena<\/li>\n<li>Gesch\u00e4ftsf\u00fchrerin Dt. Vereinigung f\u00fcr Sportwissenschaft<\/li>\n<li>FIFA-Schiedsrichterin (2007-2012)<\/li>\n<li>UEFA-Observer<\/li>\n<li>FIFA Media Officer bei Fu\u00dfball-Weltmeisterschaften<br \/>\n(Auswahl: Brasilien 2014, Frankreich 2019)<\/li>\n<li>UEFA Media Officer<\/li>\n<\/ul>\n<p>[\/vc_column_text][\/vc_column][\/vc_row][vc_row css=&#8220;.vc_custom_1566233849540{background-color: #ffffff !important;}&#8220;][vc_column width=&#8220;1\/2&#8243;][vc_single_image image=&#8220;4148&#8243; img_size=&#8220;medium&#8220; style=&#8220;vc_box_rounded&#8220;][vc_single_image image=&#8220;4037&#8243; img_size=&#8220;medium&#8220; style=&#8220;vc_box_rounded&#8220;][vc_single_image image=&#8220;4143&#8243; img_size=&#8220;medium&#8220; style=&#8220;vc_box_rounded&#8220;][\/vc_column][vc_column width=&#8220;1\/2&#8243;][vc_single_image image=&#8220;4209&#8243; img_size=&#8220;medium&#8220; style=&#8220;vc_box_rounded&#8220;][vc_single_image image=&#8220;4210&#8243; img_size=&#8220;medium&#8220; style=&#8220;vc_box_rounded&#8220;][vc_single_image image=&#8220;4211&#8243; img_size=&#8220;medium&#8220; style=&#8220;vc_box_rounded&#8220;][\/vc_column][\/vc_row][vc_row][vc_column][vc_btn title=&#8220;Back to Start&#8220; style=&#8220;flat&#8220; color=&#8220;pink&#8220; align=&#8220;left&#8220; css_animation=&#8220;bounceIn&#8220; link=&#8220;url:http%3A%2F%2Fwww.3zwanzig.de%2Fabenteuerfabrik%2F|title:Home||&#8220;][\/vc_column][\/vc_row]<\/p>\n<\/div>","protected":false},"excerpt":{"rendered":"<p>[vc_row][vc_column reveal_effect=&#8220;fadeIn&#8220; reveal_duration=&#8220;0.7&#8243; reveal_delay=&#8220;0.1&#8243;][lab_heading title=&#8220;Team&#8220;][\/lab_heading][\/vc_column][\/vc_row][vc_row][vc_column width=&#8220;1\/2&#8243;][vc_single_image image=&#8220;4145&#8243; img_size=&#8220;full&#8220; style=&#8220;vc_box_rounded&#8220; css_animation=&#8220;fadeIn&#8220;][\/vc_column][vc_column width=&#8220;1\/2&#8243;][vc_single_image image=&#8220;4144&#8243; img_size=&#8220;full&#8220; style=&#8220;vc_box_rounded&#8220; css_animation=&#8220;fadeIn&#8220;][\/vc_column][\/vc_row][vc_row equal_height=&#8220;yes&#8220;][vc_column width=&#8220;1\/2&#8243;][lab_heading title_tag=&#8220;H3&#8243; title=&#8220;Conny Kanik&#8220;]&#8220;Kreativit\u00e4t ist Intelligenz, die Spa\u00df macht.&#8220; Einstein[\/lab_heading][vc_column_text]Foto: Wolfgang Sens \/ LVZ Conny Kanik (*1979) ist der Kreativkopf der Abenteuerfabrik. Als K\u00fcnstlerin sind ihr B\u00fchnen von winzig bis Friedrichstadtpalast bekannt. Bislang hat sie bei 19 CD-Produktionen mitgewirkt.&hellip;<\/p>\n","protected":false},"author":1,"featured_media":0,"parent":0,"menu_order":0,"comment_status":"open","ping_status":"closed","template":"","meta":{"footnotes":""},"class_list":["post-2154","page","type-page","status-publish","hentry"],"_links":{"self":[{"href":"https:\/\/www.3zwanzig.de\/abenteuerfabrik\/wp-json\/wp\/v2\/pages\/2154","targetHints":{"allow":["GET"]}}],"collection":[{"href":"https:\/\/www.3zwanzig.de\/abenteuerfabrik\/wp-json\/wp\/v2\/pages"}],"about":[{"href":"https:\/\/www.3zwanzig.de\/abenteuerfabrik\/wp-json\/wp\/v2\/types\/page"}],"author":[{"embeddable":true,"href":"https:\/\/www.3zwanzig.de\/abenteuerfabrik\/wp-json\/wp\/v2\/users\/1"}],"replies":[{"embeddable":true,"href":"https:\/\/www.3zwanzig.de\/abenteuerfabrik\/wp-json\/wp\/v2\/comments?post=2154"}],"version-history":[{"count":10,"href":"https:\/\/www.3zwanzig.de\/abenteuerfabrik\/wp-json\/wp\/v2\/pages\/2154\/revisions"}],"predecessor-version":[{"id":4540,"href":"https:\/\/www.3zwanzig.de\/abenteuerfabrik\/wp-json\/wp\/v2\/pages\/2154\/revisions\/4540"}],"wp:attachment":[{"href":"https:\/\/www.3zwanzig.de\/abenteuerfabrik\/wp-json\/wp\/v2\/media?parent=2154"}],"curies":[{"name":"wp","href":"https:\/\/api.w.org\/{rel}","templated":true}]}}